{"id":34,"date":"2018-02-04T18:23:25","date_gmt":"2018-02-04T16:23:25","guid":{"rendered":"http:\/\/logotikke.ee\/wordpress\/?page_id=34"},"modified":"2018-02-26T12:22:34","modified_gmt":"2018-02-26T10:22:34","slug":"tikkimine","status":"publish","type":"page","link":"https:\/\/logotikke.ee\/wordpress\/?page_id=34","title":{"rendered":"Tikkimine"},"content":{"rendered":"<div class=\"caption alignright\">\n<figure style=\"width: 240px\" class=\"wp-caption alignnone\"><img loading=\"lazy\" decoding=\"async\" title=\"tikand\" src=\"http:\/\/logotikke.ee\/Pildid\/tikand_01.jpg\" alt=\"tikand\" width=\"240\" height=\"180\" \/><figcaption class=\"wp-caption-text\">Tikkimine<\/figcaption><\/figure>\n<\/div>\n<p>T\u00e4nap\u00e4eval leidub lugematul arvul mooduseid, kuidas kanda oma s\u00f5numit ja logo kangale. Siiditr\u00fckk ja <em>tikand<\/em> on enamlevinud.<\/p>\n<p><em>Logotikke<\/em> on spetsialiseerunud k\u00f5ige eksklusiivsemale &#8211; tikandile. <em>Tikandi<\/em> eeliseks on suurem v\u00e4rvi- ja kulumiskindlus. <em>Tikand<\/em> p\u00fcsib sama ilus kogu kandmisaja. <em>Tikand<\/em> suurendab riietuse tervikutunnet ja annab ekslusiivse (erilisuse)tunde.<\/p>\n<p><em>Tikkimine<\/em> on protsess, kus niidi v\u00f5i l\u00f5nga abil kantakse mingi kujund v\u00f5i muster n\u00f5elaga teisele tekstiilile. Masintikkimine, millega tegeleme meie,on protsess kui seda tikkimist teostab arvuti poolt juhitav masin.<\/p>\n<p>Kujundiks, mida kantakse riidele, v\u00f5ib olla firma logo, s\u00fcmboolika, nimesilt v\u00f5i lihtsalt mingi kaunistus. See lisab tootele unikaalsust ja t\u00f5stab tema v\u00e4\u00e4rtust. M\u00f5ned n\u00e4idised <a href=\"http:\/\/logotikke.ee\/?page_id=43\">siin<\/a>.<\/p>\n","protected":false},"excerpt":{"rendered":"<p>T\u00e4nap\u00e4eval leidub lugematul arvul mooduseid, kuidas kanda oma s\u00f5numit ja logo kangale. Siiditr\u00fckk ja tikand on enamlevinud. Logotikke on spetsialiseerunud k\u00f5ige eksklusiivsemale &#8211; tikandile. Tikandi eeliseks on suurem v\u00e4rvi- ja kulumiskindlus. Tikand p\u00fcsib sama ilus kogu kandmisaja. Tikand suurendab riietuse tervikutunnet ja annab ekslusiivse (erilisuse)tunde. Tikkimine on protsess, kus niidi v\u00f5i l\u00f5nga abil kantakse mingi [&hellip;]<\/p>\n","protected":false},"author":1,"featured_media":0,"parent":0,"menu_order":1,"comment_status":"closed","ping_status":"closed","template":"","meta":{"footnotes":""},"class_list":["post-34","page","type-page","status-publish","hentry"],"_links":{"self":[{"href":"https:\/\/logotikke.ee\/wordpress\/index.php?rest_route=\/wp\/v2\/pages\/34","targetHints":{"allow":["GET"]}}],"collection":[{"href":"https:\/\/logotikke.ee\/wordpress\/index.php?rest_route=\/wp\/v2\/pages"}],"about":[{"href":"https:\/\/logotikke.ee\/wordpress\/index.php?rest_route=\/wp\/v2\/types\/page"}],"author":[{"embeddable":true,"href":"https:\/\/logotikke.ee\/wordpress\/index.php?rest_route=\/wp\/v2\/users\/1"}],"replies":[{"embeddable":true,"href":"https:\/\/logotikke.ee\/wordpress\/index.php?rest_route=%2Fwp%2Fv2%2Fcomments&post=34"}],"version-history":[{"count":7,"href":"https:\/\/logotikke.ee\/wordpress\/index.php?rest_route=\/wp\/v2\/pages\/34\/revisions"}],"predecessor-version":[{"id":106,"href":"https:\/\/logotikke.ee\/wordpress\/index.php?rest_route=\/wp\/v2\/pages\/34\/revisions\/106"}],"wp:attachment":[{"href":"https:\/\/logotikke.ee\/wordpress\/index.php?rest_route=%2Fwp%2Fv2%2Fmedia&parent=34"}],"curies":[{"name":"wp","href":"https:\/\/api.w.org\/{rel}","templated":true}]}}