{"id":46,"date":"2018-02-04T18:26:59","date_gmt":"2018-02-04T16:26:59","guid":{"rendered":"http:\/\/logotikke.ee\/wordpress\/?page_id=46"},"modified":"2021-08-25T16:59:34","modified_gmt":"2021-08-25T13:59:34","slug":"meist","status":"publish","type":"page","link":"https:\/\/logotikke.ee\/wordpress\/","title":{"rendered":"Meist"},"content":{"rendered":"<p style=\"text-align: justify;\">Logotikke O\u00dc on v\u00e4ike pereettev\u00f5te, mille asutasid Lea ja Allan Lond juba 1997. aastal. Seega on meil t\u00e4naseks juba 20 aastat tikkimisalast kogemust. Me tikime otse k\u00f5ikm\u00f5eldavatele toodetele, milleks v\u00f5ivad olla nii s\u00e4rgid, joped, r\u00e4tikud, kotid jne. Ja valmistame ka tikandiembleeme nii Kaitsev\u00e4ele, Kaitseliidule kui ka ettev\u00f5tetele ja eraisikutele.<\/p>\n<p style=\"text-align: justify;\">Oleme k\u00fcll v\u00e4ike ettev\u00f5te, kuid m\u00f5tleme suurelt. Arvame, et elu on v\u00f5imalik ka v\u00e4ljaspool Tallinnat ja seega asub meie t\u00f6\u00f6koda Vihasoos. Pakume seal t\u00f6\u00f6d 5le inimesele. Vihasoos v\u00f5tab Teid vastu Allan, kes on Logotikke O\u00dc asutaja ja juhataja. Vihasoos asub meie p\u00f5hitootmine ning programmide valmistamine. Kahjuks ei saa olla ilma pealinnas esindamata ning meie v\u00e4ikeses kontoris Liimi 1, v\u00f5tab Teid vastu Allan.<\/p>\n<p style=\"text-align: justify;\">Meie p\u00f5hitegevusharuks on k\u00fcll <em><span class=\"Emphasis\">tikand<\/span><\/em> ja k\u00f5ik <em><span class=\"Emphasis\">tikandisse<\/span><\/em> puutuv, kuid oma usaldusv\u00e4\u00e4rsete koost\u00f6\u00f6partneritega saame Teile ka nn t\u00e4islahendust pakkuda. Niisiis lisaks tikandile, saab meilt ka siidi- ja digitr\u00fckki ning k\u00f5ik v\u00f5imalikke t\u00f6\u00f6riideid ja firmariideid, r\u00e4tikuid jne.<\/p>\n<p style=\"text-align: justify;\"><em><span class=\"Emphasis\">Logotikke<\/span><\/em>&#8216;ga on kerge koost\u00f6\u00f6d teha nii suurtel kui v\u00e4ikestel firmadel. Loomulikult on ka eraisikud, \u00fchingud ja klubid meie juurde oodatud.<\/p>\n<p class=\"Normal_Web_ tm7\">Kui te otsite usaldusv\u00e4\u00e4rset tikandi tegijat, olete \u00f5iges kohas !<\/p>\n\n\n<p><\/p>\n","protected":false},"excerpt":{"rendered":"<p>Logotikke O\u00dc on v\u00e4ike pereettev\u00f5te, mille asutasid Lea ja Allan Lond juba 1997. aastal. Seega on meil t\u00e4naseks juba 20 aastat tikkimisalast kogemust. Me tikime otse k\u00f5ikm\u00f5eldavatele toodetele, milleks v\u00f5ivad olla nii s\u00e4rgid, joped, r\u00e4tikud, kotid jne. Ja valmistame ka tikandiembleeme nii Kaitsev\u00e4ele, Kaitseliidule kui ka ettev\u00f5tetele ja eraisikutele. Oleme k\u00fcll v\u00e4ike ettev\u00f5te, kuid m\u00f5tleme [&hellip;]<\/p>\n","protected":false},"author":1,"featured_media":0,"parent":0,"menu_order":0,"comment_status":"closed","ping_status":"closed","template":"","meta":{"footnotes":""},"class_list":["post-46","page","type-page","status-publish","hentry"],"_links":{"self":[{"href":"https:\/\/logotikke.ee\/wordpress\/index.php?rest_route=\/wp\/v2\/pages\/46","targetHints":{"allow":["GET"]}}],"collection":[{"href":"https:\/\/logotikke.ee\/wordpress\/index.php?rest_route=\/wp\/v2\/pages"}],"about":[{"href":"https:\/\/logotikke.ee\/wordpress\/index.php?rest_route=\/wp\/v2\/types\/page"}],"author":[{"embeddable":true,"href":"https:\/\/logotikke.ee\/wordpress\/index.php?rest_route=\/wp\/v2\/users\/1"}],"replies":[{"embeddable":true,"href":"https:\/\/logotikke.ee\/wordpress\/index.php?rest_route=%2Fwp%2Fv2%2Fcomments&post=46"}],"version-history":[{"count":10,"href":"https:\/\/logotikke.ee\/wordpress\/index.php?rest_route=\/wp\/v2\/pages\/46\/revisions"}],"predecessor-version":[{"id":163,"href":"https:\/\/logotikke.ee\/wordpress\/index.php?rest_route=\/wp\/v2\/pages\/46\/revisions\/163"}],"wp:attachment":[{"href":"https:\/\/logotikke.ee\/wordpress\/index.php?rest_route=%2Fwp%2Fv2%2Fmedia&parent=46"}],"curies":[{"name":"wp","href":"https:\/\/api.w.org\/{rel}","templated":true}]}}